{"id":76,"date":"2021-12-21T11:16:55","date_gmt":"2021-12-21T11:16:55","guid":{"rendered":"https:\/\/cors.acosof.fr\/?page_id=76"},"modified":"2022-03-11T17:23:49","modified_gmt":"2022-03-11T17:23:49","slug":"nos-activites","status":"publish","type":"page","link":"https:\/\/www.corsaccords.fr\/?page_id=76","title":{"rendered":"Nos activit\u00e9s"},"content":{"rendered":"\t\t<div data-elementor-type=\"wp-page\" data-elementor-id=\"76\" class=\"elementor elementor-76\">\n\t\t\t\t\t\t\t\t\t<section class=\"elementor-section elementor-top-section elementor-element elementor-element-3fb8473 elementor-section-boxed elementor-section-height-default elementor-section-height-default\" data-id=\"3fb8473\" data-element_type=\"section\">\n\t\t\t\t\t\t<div class=\"elementor-container elementor-column-gap-default\">\n\t\t\t\t\t<div class=\"elementor-column elementor-col-100 elementor-top-column elementor-element elementor-element-d0030c2\" data-id=\"d0030c2\" data-element_type=\"column\">\n\t\t\t<div class=\"elementor-widget-wrap\">\n\t\t\t\t\t\t\t\t\t<\/div>\n\t\t<\/div>\n\t\t\t\t\t\t\t<\/div>\n\t\t<\/section>\n\t\t\t\t<section class=\"elementor-section elementor-top-section elementor-element elementor-element-3e69337 elementor-section-boxed elementor-section-height-default elementor-section-height-default\" data-id=\"3e69337\" data-element_type=\"section\">\n\t\t\t\t\t\t<div class=\"elementor-container elementor-column-gap-default\">\n\t\t\t\t\t<div class=\"elementor-column elementor-col-100 elementor-top-column elementor-element elementor-element-5a24fb4\" data-id=\"5a24fb4\" data-element_type=\"column\">\n\t\t\t<div class=\"elementor-widget-wrap elementor-element-populated\">\n\t\t\t\t\t\t\t\t<div class=\"elementor-element elementor-element-b71ac80 elementor-widget elementor-widget-text-editor\" data-id=\"b71ac80\" data-element_type=\"widget\" data-widget_type=\"text-editor.default\">\n\t\t\t\t<div class=\"elementor-widget-container\">\n\t\t\t<style>\/*! elementor - v3.11.5 - 14-03-2023 *\/\n.elementor-widget-text-editor.elementor-drop-cap-view-stacked .elementor-drop-cap{background-color:#818a91;color:#fff}.elementor-widget-text-editor.elementor-drop-cap-view-framed .elementor-drop-cap{color:#818a91;border:3px solid;background-color:transparent}.elementor-widget-text-editor:not(.elementor-drop-cap-view-default) .elementor-drop-cap{margin-top:8px}.elementor-widget-text-editor:not(.elementor-drop-cap-view-default) .elementor-drop-cap-letter{width:1em;height:1em}.elementor-widget-text-editor .elementor-drop-cap{float:left;text-align:center;line-height:1;font-size:50px}.elementor-widget-text-editor .elementor-drop-cap-letter{display:inline-block}<\/style>\t\t\t\t<ul><li><span class=\"C-4\">Animations folkloriques,<\/span><\/li><li><span class=\"C-4\">F\u00eates de villages,<\/span><\/li><li><span class=\"C-4\">Concerts en \u00e9glise avec orgue, \u00a0<\/span><\/li><li><span class=\"C-4\">R\u00e9ceptions, \u00a0<\/span><\/li><li class=\"Normal P-4\"><span class=\"C-4\">Cocktails priv\u00e9s,<\/span><\/li><li class=\"Normal P-4\"><span class=\"C-4\">Soir\u00e9es d&#8217;entreprises, \u00a0<\/span><\/li><li class=\"Normal P-4\"><span class=\"C-4\">F\u00eates locales au bord de l&#8217;eau, \u00a0<\/span><\/li><li class=\"Normal P-4\"><span class=\"C-4\">Animations scolaires, \u00a0<\/span><\/li><li class=\"Normal P-4\"><span class=\"C-4\">Pr\u00e9sentations d&#8217;instruments en \u00e9cole de musique et scolaires, \u00a0<\/span><\/li><li class=\"Normal P-4\"><span class=\"C-4\">C\u00e9r\u00e9monies de mariage, \u00a0<\/span><\/li><li class=\"Normal P-4\"><span class=\"C-4\">Concert commun avec les orchestres d&#8217;harmonies, \u2026<\/span><\/li><\/ul>\t\t\t\t\t\t<\/div>\n\t\t\t\t<\/div>\n\t\t\t\t\t<\/div>\n\t\t<\/div>\n\t\t\t\t\t\t\t<\/div>\n\t\t<\/section>\n\t\t\t\t<section class=\"elementor-section elementor-top-section elementor-element elementor-element-2ae6858 elementor-section-boxed elementor-section-height-default elementor-section-height-default\" data-id=\"2ae6858\" data-element_type=\"section\">\n\t\t\t\t\t\t<div class=\"elementor-container elementor-column-gap-default\">\n\t\t\t\t\t<div class=\"elementor-column elementor-col-100 elementor-top-column elementor-element elementor-element-ddeed3c\" data-id=\"ddeed3c\" data-element_type=\"column\">\n\t\t\t<div class=\"elementor-widget-wrap elementor-element-populated\">\n\t\t\t\t\t\t\t\t<div class=\"elementor-element elementor-element-80894c4 elementor-arrows-position-inside elementor-pagination-position-outside elementor-widget elementor-widget-image-carousel\" data-id=\"80894c4\" data-element_type=\"widget\" data-settings=\"{&quot;slides_to_show&quot;:&quot;2&quot;,&quot;image_spacing_custom&quot;:{&quot;unit&quot;:&quot;px&quot;,&quot;size&quot;:25,&quot;sizes&quot;:[]},&quot;navigation&quot;:&quot;both&quot;,&quot;autoplay&quot;:&quot;yes&quot;,&quot;pause_on_hover&quot;:&quot;yes&quot;,&quot;pause_on_interaction&quot;:&quot;yes&quot;,&quot;autoplay_speed&quot;:5000,&quot;infinite&quot;:&quot;yes&quot;,&quot;speed&quot;:500,&quot;image_spacing_custom_tablet&quot;:{&quot;unit&quot;:&quot;px&quot;,&quot;size&quot;:&quot;&quot;,&quot;sizes&quot;:[]},&quot;image_spacing_custom_mobile&quot;:{&quot;unit&quot;:&quot;px&quot;,&quot;size&quot;:&quot;&quot;,&quot;sizes&quot;:[]}}\" data-widget_type=\"image-carousel.default\">\n\t\t\t\t<div class=\"elementor-widget-container\">\n\t\t\t<style>\/*! elementor - v3.11.5 - 14-03-2023 *\/\n.elementor-widget-image-carousel .swiper,.elementor-widget-image-carousel .swiper-container{position:static}.elementor-widget-image-carousel .swiper-container .swiper-slide figure,.elementor-widget-image-carousel .swiper .swiper-slide figure{line-height:inherit}.elementor-widget-image-carousel .swiper-slide{text-align:center}.elementor-image-carousel-wrapper:not(.swiper-container-initialized) .swiper-slide,.elementor-image-carousel-wrapper:not(.swiper-initialized) .swiper-slide{max-width:calc(100% \/ var(--e-image-carousel-slides-to-show, 3))}<\/style>\t\t<div class=\"elementor-image-carousel-wrapper swiper-container\" dir=\"ltr\">\n\t\t\t<div class=\"elementor-image-carousel swiper-wrapper\">\n\t\t\t\t\t\t\t\t<div class=\"swiper-slide\"><figure class=\"swiper-slide-inner\"><img decoding=\"async\" class=\"swiper-slide-image\" src=\"https:\/\/www.corsaccords.fr\/wp-content\/uploads\/2022\/03\/Copie-de-DSCF6526-1-1024x683.jpg\" alt=\"Copie de DSCF6526\" \/><\/figure><\/div><div class=\"swiper-slide\"><figure class=\"swiper-slide-inner\"><img decoding=\"async\" class=\"swiper-slide-image\" src=\"https:\/\/www.corsaccords.fr\/wp-content\/uploads\/2022\/03\/Marche-de-Noel-010-1024x685.jpg\" alt=\"March\u00e9 de No\u00ebl 010\" \/><\/figure><\/div><div class=\"swiper-slide\"><figure class=\"swiper-slide-inner\"><img decoding=\"async\" class=\"swiper-slide-image\" src=\"https:\/\/www.corsaccords.fr\/wp-content\/uploads\/2022\/03\/P1030049-1024x768.jpg\" alt=\"15 d\u00e9cembre 2013 : March\u00e9 de No\u00ebl Coullons 45720\" \/><\/figure><\/div><div class=\"swiper-slide\"><figure class=\"swiper-slide-inner\"><img decoding=\"async\" class=\"swiper-slide-image\" src=\"https:\/\/www.corsaccords.fr\/wp-content\/uploads\/2022\/03\/P1020949-1-1024x768.jpg\" alt=\"P1020949\" \/><\/figure><\/div><div class=\"swiper-slide\"><figure class=\"swiper-slide-inner\"><img decoding=\"async\" class=\"swiper-slide-image\" src=\"https:\/\/www.corsaccords.fr\/wp-content\/uploads\/2022\/03\/MGL1284-1-1024x683.jpg\" alt=\"_MGL1284\" \/><\/figure><\/div><div class=\"swiper-slide\"><figure class=\"swiper-slide-inner\"><img decoding=\"async\" class=\"swiper-slide-image\" src=\"https:\/\/www.corsaccords.fr\/wp-content\/uploads\/2022\/03\/DSC03487-1-1024x768.jpg\" alt=\"20 oct 2011 : Soir\u00e9e priv\u00e9e (banque) au mus\u00e9e Gr\u00e9vin\" \/><\/figure><\/div><div class=\"swiper-slide\"><figure class=\"swiper-slide-inner\"><img decoding=\"async\" class=\"swiper-slide-image\" src=\"https:\/\/www.corsaccords.fr\/wp-content\/uploads\/2021\/12\/cermonie-eglise.jpg\" alt=\"\u00e9glise de Saint Michel en Tierache\" \/><\/figure><\/div><div class=\"swiper-slide\"><figure class=\"swiper-slide-inner\"><img decoding=\"async\" class=\"swiper-slide-image\" src=\"https:\/\/www.corsaccords.fr\/wp-content\/uploads\/2021\/12\/noel2-3.jpg\" alt=\"23 d\u00e9cembre 2012 : March\u00e9 de No\u00ebl Orl\u00e9ans\" \/><\/figure><\/div><div class=\"swiper-slide\"><figure class=\"swiper-slide-inner\"><img decoding=\"async\" class=\"swiper-slide-image\" src=\"https:\/\/www.corsaccords.fr\/wp-content\/uploads\/2022\/03\/DSC03532-1024x768.jpg\" alt=\"DSC03532\" \/><\/figure><\/div><div class=\"swiper-slide\"><figure class=\"swiper-slide-inner\"><img decoding=\"async\" class=\"swiper-slide-image\" src=\"https:\/\/www.corsaccords.fr\/wp-content\/uploads\/2022\/03\/DSC03490-1-1024x768.jpg\" alt=\"salon du go\u00fbt et du terroir \u00e0 Puteaux le 20 et 21 septembre 2008    \u00e9glise de Saint Michel en Tierache    Animation pour le G8 au lac d\u2019Evian    20 oct 2011 : Soir\u00e9e priv\u00e9e (banque) au mus\u00e9e Gr\u00e9vin\" \/><\/figure><\/div><div class=\"swiper-slide\"><figure class=\"swiper-slide-inner\"><img decoding=\"async\" class=\"swiper-slide-image\" src=\"https:\/\/www.corsaccords.fr\/wp-content\/uploads\/2022\/03\/MGL1284-1024x683.jpg\" alt=\"_MGL1284\" \/><\/figure><\/div><div class=\"swiper-slide\"><figure class=\"swiper-slide-inner\"><img decoding=\"async\" class=\"swiper-slide-image\" src=\"https:\/\/www.corsaccords.fr\/wp-content\/uploads\/2022\/03\/P1030049-1-1024x768.jpg\" alt=\"15 d\u00e9cembre 2013 : March\u00e9 de No\u00ebl Coullons 45720\" \/><\/figure><\/div>\t\t\t<\/div>\n\t\t\t\t\t\t\t\t\t\t\t\t<div class=\"swiper-pagination\"><\/div>\n\t\t\t\t\t\t\t\t\t\t\t\t\t<div class=\"elementor-swiper-button elementor-swiper-button-prev\">\n\t\t\t\t\t\t<i aria-hidden=\"true\" class=\"eicon-chevron-left\"><\/i>\t\t\t\t\t\t<span class=\"elementor-screen-only\">Pr\u00e9c\u00e9dent<\/span>\n\t\t\t\t\t<\/div>\n\t\t\t\t\t<div class=\"elementor-swiper-button elementor-swiper-button-next\">\n\t\t\t\t\t\t<i aria-hidden=\"true\" class=\"eicon-chevron-right\"><\/i>\t\t\t\t\t\t<span class=\"elementor-screen-only\">Suivant<\/span>\n\t\t\t\t\t<\/div>\n\t\t\t\t\t\t\t\t\t<\/div>\n\t\t\t\t<\/div>\n\t\t\t\t<\/div>\n\t\t\t\t\t<\/div>\n\t\t<\/div>\n\t\t\t\t\t\t\t<\/div>\n\t\t<\/section>\n\t\t\t\t\t\t\t<\/div>\n\t\t","protected":false},"excerpt":{"rendered":"<p>Animations folkloriques, F\u00eates de villages, Concerts en \u00e9glise avec orgue, &nbsp; R\u00e9ceptions, &nbsp; Cocktails priv\u00e9s, Soir\u00e9es d&#8217;entreprises, &nbsp; F\u00eates locales au bord de l&#8217;eau, &nbsp; Animations scolaires, &nbsp; Pr\u00e9sentations d&#8217;instruments en \u00e9cole de musique et scolaires, &nbsp; C\u00e9r\u00e9monies de mariage, &nbsp; Concert commun avec les orchestres d&#8217;harmonies, \u2026 Pr\u00e9c\u00e9dent Suivant<\/p>\n","protected":false},"author":1,"featured_media":0,"parent":0,"menu_order":0,"comment_status":"closed","ping_status":"closed","template":"","meta":{"_mc_calendar":[],"footnotes":""},"class_list":["post-76","page","type-page","status-publish","hentry"],"yoast_head":"<!-- This site is optimized with the Yoast SEO plugin v20.3 - https:\/\/yoast.com\/wordpress\/plugins\/seo\/ -->\n<title>Nos activit\u00e9s - Cors<\/title>\n<meta name=\"robots\" content=\"index, follow, max-snippet:-1, max-image-preview:large, max-video-preview:-1\" \/>\n<link rel=\"canonical\" href=\"https:\/\/www.corsaccords.fr\/?page_id=76\" \/>\n<meta property=\"og:locale\" content=\"fr_FR\" \/>\n<meta property=\"og:type\" content=\"article\" \/>\n<meta property=\"og:title\" content=\"Nos activit\u00e9s - Cors\" \/>\n<meta property=\"og:description\" content=\"Animations folkloriques, F\u00eates de villages, Concerts en \u00e9glise avec orgue, &nbsp; R\u00e9ceptions, &nbsp; Cocktails priv\u00e9s, Soir\u00e9es d&#8217;entreprises, &nbsp; F\u00eates locales au bord de l&#8217;eau, &nbsp; Animations scolaires, &nbsp; Pr\u00e9sentations d&#8217;instruments en \u00e9cole de musique et scolaires, &nbsp; C\u00e9r\u00e9monies de mariage, &nbsp; Concert commun avec les orchestres d&#8217;harmonies, \u2026 Pr\u00e9c\u00e9dent Suivant\" \/>\n<meta property=\"og:url\" content=\"https:\/\/www.corsaccords.fr\/?page_id=76\" \/>\n<meta property=\"og:site_name\" content=\"Cors\" \/>\n<meta property=\"article:modified_time\" content=\"2022-03-11T17:23:49+00:00\" \/>\n<meta property=\"og:image\" content=\"https:\/\/www.corsaccords.fr\/wp-content\/uploads\/2022\/03\/Copie-de-DSCF6526-1-1024x683.jpg\" \/>\n<meta name=\"twitter:card\" content=\"summary_large_image\" \/>\n<meta name=\"twitter:label1\" content=\"Dur\u00e9e de lecture estim\u00e9e\" \/>\n\t<meta name=\"twitter:data1\" content=\"3 minutes\" \/>\n<script type=\"application\/ld+json\" class=\"yoast-schema-graph\">{\"@context\":\"https:\/\/schema.org\",\"@graph\":[{\"@type\":\"WebPage\",\"@id\":\"https:\/\/www.corsaccords.fr\/?page_id=76\",\"url\":\"https:\/\/www.corsaccords.fr\/?page_id=76\",\"name\":\"Nos activit\u00e9s - Cors\",\"isPartOf\":{\"@id\":\"https:\/\/www.corsaccords.fr\/#website\"},\"datePublished\":\"2021-12-21T11:16:55+00:00\",\"dateModified\":\"2022-03-11T17:23:49+00:00\",\"breadcrumb\":{\"@id\":\"https:\/\/www.corsaccords.fr\/?page_id=76#breadcrumb\"},\"inLanguage\":\"fr-FR\",\"potentialAction\":[{\"@type\":\"ReadAction\",\"target\":[\"https:\/\/www.corsaccords.fr\/?page_id=76\"]}]},{\"@type\":\"BreadcrumbList\",\"@id\":\"https:\/\/www.corsaccords.fr\/?page_id=76#breadcrumb\",\"itemListElement\":[{\"@type\":\"ListItem\",\"position\":1,\"name\":\"Accueil\",\"item\":\"https:\/\/www.corsaccords.fr\/\"},{\"@type\":\"ListItem\",\"position\":2,\"name\":\"Nos activit\u00e9s\"}]},{\"@type\":\"WebSite\",\"@id\":\"https:\/\/www.corsaccords.fr\/#website\",\"url\":\"https:\/\/www.corsaccords.fr\/\",\"name\":\"Cors\",\"description\":\"Accords\",\"publisher\":{\"@id\":\"https:\/\/www.corsaccords.fr\/#organization\"},\"potentialAction\":[{\"@type\":\"SearchAction\",\"target\":{\"@type\":\"EntryPoint\",\"urlTemplate\":\"https:\/\/www.corsaccords.fr\/?s={search_term_string}\"},\"query-input\":\"required name=search_term_string\"}],\"inLanguage\":\"fr-FR\"},{\"@type\":\"Organization\",\"@id\":\"https:\/\/www.corsaccords.fr\/#organization\",\"name\":\"Cors\",\"url\":\"https:\/\/www.corsaccords.fr\/\",\"logo\":{\"@type\":\"ImageObject\",\"inLanguage\":\"fr-FR\",\"@id\":\"https:\/\/www.corsaccords.fr\/#\/schema\/logo\/image\/\",\"url\":\"https:\/\/www.corsaccords.fr\/wp-content\/uploads\/2022\/01\/cropped-cropped-cropped-cropped-cropped-cropped-cropped-cropped-CA_V2-1.png\",\"contentUrl\":\"https:\/\/www.corsaccords.fr\/wp-content\/uploads\/2022\/01\/cropped-cropped-cropped-cropped-cropped-cropped-cropped-cropped-CA_V2-1.png\",\"width\":512,\"height\":506,\"caption\":\"Cors\"},\"image\":{\"@id\":\"https:\/\/www.corsaccords.fr\/#\/schema\/logo\/image\/\"}}]}<\/script>\n<!-- \/ Yoast SEO plugin. -->","yoast_head_json":{"title":"Nos activit\u00e9s - Cors","robots":{"index":"index","follow":"follow","max-snippet":"max-snippet:-1","max-image-preview":"max-image-preview:large","max-video-preview":"max-video-preview:-1"},"canonical":"https:\/\/www.corsaccords.fr\/?page_id=76","og_locale":"fr_FR","og_type":"article","og_title":"Nos activit\u00e9s - Cors","og_description":"Animations folkloriques, F\u00eates de villages, Concerts en \u00e9glise avec orgue, &nbsp; R\u00e9ceptions, &nbsp; Cocktails priv\u00e9s, Soir\u00e9es d&#8217;entreprises, &nbsp; F\u00eates locales au bord de l&#8217;eau, &nbsp; Animations scolaires, &nbsp; Pr\u00e9sentations d&#8217;instruments en \u00e9cole de musique et scolaires, &nbsp; C\u00e9r\u00e9monies de mariage, &nbsp; Concert commun avec les orchestres d&#8217;harmonies, \u2026 Pr\u00e9c\u00e9dent Suivant","og_url":"https:\/\/www.corsaccords.fr\/?page_id=76","og_site_name":"Cors","article_modified_time":"2022-03-11T17:23:49+00:00","og_image":[{"url":"https:\/\/www.corsaccords.fr\/wp-content\/uploads\/2022\/03\/Copie-de-DSCF6526-1-1024x683.jpg"}],"twitter_card":"summary_large_image","twitter_misc":{"Dur\u00e9e de lecture estim\u00e9e":"3 minutes"},"schema":{"@context":"https:\/\/schema.org","@graph":[{"@type":"WebPage","@id":"https:\/\/www.corsaccords.fr\/?page_id=76","url":"https:\/\/www.corsaccords.fr\/?page_id=76","name":"Nos activit\u00e9s - Cors","isPartOf":{"@id":"https:\/\/www.corsaccords.fr\/#website"},"datePublished":"2021-12-21T11:16:55+00:00","dateModified":"2022-03-11T17:23:49+00:00","breadcrumb":{"@id":"https:\/\/www.corsaccords.fr\/?page_id=76#breadcrumb"},"inLanguage":"fr-FR","potentialAction":[{"@type":"ReadAction","target":["https:\/\/www.corsaccords.fr\/?page_id=76"]}]},{"@type":"BreadcrumbList","@id":"https:\/\/www.corsaccords.fr\/?page_id=76#breadcrumb","itemListElement":[{"@type":"ListItem","position":1,"name":"Accueil","item":"https:\/\/www.corsaccords.fr\/"},{"@type":"ListItem","position":2,"name":"Nos activit\u00e9s"}]},{"@type":"WebSite","@id":"https:\/\/www.corsaccords.fr\/#website","url":"https:\/\/www.corsaccords.fr\/","name":"Cors","description":"Accords","publisher":{"@id":"https:\/\/www.corsaccords.fr\/#organization"},"potentialAction":[{"@type":"SearchAction","target":{"@type":"EntryPoint","urlTemplate":"https:\/\/www.corsaccords.fr\/?s={search_term_string}"},"query-input":"required name=search_term_string"}],"inLanguage":"fr-FR"},{"@type":"Organization","@id":"https:\/\/www.corsaccords.fr\/#organization","name":"Cors","url":"https:\/\/www.corsaccords.fr\/","logo":{"@type":"ImageObject","inLanguage":"fr-FR","@id":"https:\/\/www.corsaccords.fr\/#\/schema\/logo\/image\/","url":"https:\/\/www.corsaccords.fr\/wp-content\/uploads\/2022\/01\/cropped-cropped-cropped-cropped-cropped-cropped-cropped-cropped-CA_V2-1.png","contentUrl":"https:\/\/www.corsaccords.fr\/wp-content\/uploads\/2022\/01\/cropped-cropped-cropped-cropped-cropped-cropped-cropped-cropped-CA_V2-1.png","width":512,"height":506,"caption":"Cors"},"image":{"@id":"https:\/\/www.corsaccords.fr\/#\/schema\/logo\/image\/"}}]}},"_links":{"self":[{"href":"https:\/\/www.corsaccords.fr\/index.php?rest_route=\/wp\/v2\/pages\/76","targetHints":{"allow":["GET"]}}],"collection":[{"href":"https:\/\/www.corsaccords.fr\/index.php?rest_route=\/wp\/v2\/pages"}],"about":[{"href":"https:\/\/www.corsaccords.fr\/index.php?rest_route=\/wp\/v2\/types\/page"}],"author":[{"embeddable":true,"href":"https:\/\/www.corsaccords.fr\/index.php?rest_route=\/wp\/v2\/users\/1"}],"replies":[{"embeddable":true,"href":"https:\/\/www.corsaccords.fr\/index.php?rest_route=%2Fwp%2Fv2%2Fcomments&post=76"}],"version-history":[{"count":45,"href":"https:\/\/www.corsaccords.fr\/index.php?rest_route=\/wp\/v2\/pages\/76\/revisions"}],"predecessor-version":[{"id":2272,"href":"https:\/\/www.corsaccords.fr\/index.php?rest_route=\/wp\/v2\/pages\/76\/revisions\/2272"}],"wp:attachment":[{"href":"https:\/\/www.corsaccords.fr\/index.php?rest_route=%2Fwp%2Fv2%2Fmedia&parent=76"}],"curies":[{"name":"wp","href":"https:\/\/api.w.org\/{rel}","templated":true}]}}