{"id":63,"date":"2021-12-21T10:49:45","date_gmt":"2021-12-21T10:49:45","guid":{"rendered":"https:\/\/cors.acosof.fr\/?page_id=63"},"modified":"2022-03-11T10:44:13","modified_gmt":"2022-03-11T10:44:13","slug":"les-objectifs-de-cors-accords","status":"publish","type":"page","link":"https:\/\/www.corsaccords.fr\/?page_id=63","title":{"rendered":"Les objectifs de cors accords"},"content":{"rendered":"\t\t<div data-elementor-type=\"wp-page\" data-elementor-id=\"63\" class=\"elementor elementor-63\">\n\t\t\t\t\t\t\t\t\t<section class=\"elementor-section elementor-top-section elementor-element elementor-element-d66d8f1 elementor-section-boxed elementor-section-height-default elementor-section-height-default\" data-id=\"d66d8f1\" data-element_type=\"section\">\n\t\t\t\t\t\t<div class=\"elementor-container elementor-column-gap-default\">\n\t\t\t\t\t<div class=\"elementor-column elementor-col-100 elementor-top-column elementor-element elementor-element-5774020\" data-id=\"5774020\" data-element_type=\"column\">\n\t\t\t<div class=\"elementor-widget-wrap elementor-element-populated\">\n\t\t\t\t\t\t\t\t<div class=\"elementor-element elementor-element-7f4bace elementor-widget elementor-widget-heading\" data-id=\"7f4bace\" data-element_type=\"widget\" data-widget_type=\"heading.default\">\n\t\t\t\t<div class=\"elementor-widget-container\">\n\t\t\t<style>\/*! elementor - v3.11.5 - 14-03-2023 *\/\n.elementor-heading-title{padding:0;margin:0;line-height:1}.elementor-widget-heading .elementor-heading-title[class*=elementor-size-]>a{color:inherit;font-size:inherit;line-height:inherit}.elementor-widget-heading .elementor-heading-title.elementor-size-small{font-size:15px}.elementor-widget-heading .elementor-heading-title.elementor-size-medium{font-size:19px}.elementor-widget-heading .elementor-heading-title.elementor-size-large{font-size:29px}.elementor-widget-heading .elementor-heading-title.elementor-size-xl{font-size:39px}.elementor-widget-heading .elementor-heading-title.elementor-size-xxl{font-size:59px}<\/style><h2 class=\"elementor-heading-title elementor-size-default\">Les objectifs de cors accords<\/h2>\t\t<\/div>\n\t\t\t\t<\/div>\n\t\t\t\t\t<\/div>\n\t\t<\/div>\n\t\t\t\t\t\t\t<\/div>\n\t\t<\/section>\n\t\t\t\t<section class=\"elementor-section elementor-top-section elementor-element elementor-element-f12fcbd elementor-section-boxed elementor-section-height-default elementor-section-height-default\" data-id=\"f12fcbd\" data-element_type=\"section\">\n\t\t\t\t\t\t<div class=\"elementor-container elementor-column-gap-default\">\n\t\t\t\t\t<div class=\"elementor-column elementor-col-100 elementor-top-column elementor-element elementor-element-033ca5a\" data-id=\"033ca5a\" data-element_type=\"column\">\n\t\t\t<div class=\"elementor-widget-wrap elementor-element-populated\">\n\t\t\t\t\t\t\t\t<div class=\"elementor-element elementor-element-710aeb4 elementor-widget elementor-widget-text-editor\" data-id=\"710aeb4\" data-element_type=\"widget\" data-widget_type=\"text-editor.default\">\n\t\t\t\t<div class=\"elementor-widget-container\">\n\t\t\t<style>\/*! elementor - v3.11.5 - 14-03-2023 *\/\n.elementor-widget-text-editor.elementor-drop-cap-view-stacked .elementor-drop-cap{background-color:#818a91;color:#fff}.elementor-widget-text-editor.elementor-drop-cap-view-framed .elementor-drop-cap{color:#818a91;border:3px solid;background-color:transparent}.elementor-widget-text-editor:not(.elementor-drop-cap-view-default) .elementor-drop-cap{margin-top:8px}.elementor-widget-text-editor:not(.elementor-drop-cap-view-default) .elementor-drop-cap-letter{width:1em;height:1em}.elementor-widget-text-editor .elementor-drop-cap{float:left;text-align:center;line-height:1;font-size:50px}.elementor-widget-text-editor .elementor-drop-cap-letter{display:inline-block}<\/style>\t\t\t\t<p align=\"left\"><span style=\"color: #333333;\"><span style=\"font-family: Liberation Serif, serif;\"><span style=\"font-size: large;\"><span lang=\"fr-FR\">L&#8217;ensemble Cors accords s&#8217;est donn\u00e9 pour objectif de faire conna\u00eetre ce magnifique instrument.<\/span><\/span><\/span><\/span><\/p><p align=\"left\"><span style=\"color: #333333;\"><span style=\"font-family: Liberation Serif, serif;\"><span style=\"font-size: large;\"><span lang=\"fr-FR\">Il suscite beaucoup la curiosit\u00e9 des spectateurs lors de nos diverses prestations.<\/span><\/span><\/span><\/span><\/p><p align=\"left\"><span style=\"color: #333333;\"><span style=\"font-family: Liberation Serif, serif;\"><span style=\"font-size: large;\"><span lang=\"fr-FR\">Pour les \u00e9coles de musique, nous organisons des pr\u00e9sentations d&#8217;instrument en faisant d\u00e9couvrir les cuivres aux enfants et plus particuli\u00e8rement le cor, le cor des Alpes, le cor naturel et le trombone. Cette animation scolaire est souvent suivie d&#8217;un concert en soir\u00e9e.<\/span><\/span><\/span><\/span><\/p><p align=\"justify\"><span style=\"color: #333333;\"><span style=\"font-family: Liberation Serif, serif;\"><span style=\"font-size: large;\"><span lang=\"fr-FR\">Un bon moyen de susciter de nouveaux \u00e9l\u00e8ves pour les \u00e9coles de musique dont les classes de cuivres se d\u00e9peuplent au fur et \u00e0 mesure des ann\u00e9es.<\/span><\/span><\/span><\/span><\/p><p align=\"justify\"><span style=\"color: #333333;\"><span style=\"font-family: Liberation Serif, serif;\"><span style=\"font-size: large;\"><span lang=\"fr-FR\"><img loading=\"lazy\" decoding=\"async\" class=\"wp-image-795  alignleft\" src=\"https:\/\/www.corsaccords.fr\/wp-content\/uploads\/2022\/03\/10-images-300x213.png\" alt=\"\" width=\"276\" height=\"196\" srcset=\"https:\/\/www.corsaccords.fr\/wp-content\/uploads\/2022\/03\/10-images-300x213.png 300w, https:\/\/www.corsaccords.fr\/wp-content\/uploads\/2022\/03\/10-images.png 303w\" sizes=\"auto, (max-width: 276px) 100vw, 276px\" \/> <img loading=\"lazy\" decoding=\"async\" class=\"wp-image-796 alignnone\" src=\"https:\/\/www.corsaccords.fr\/wp-content\/uploads\/2022\/03\/11-image.png\" alt=\"\" width=\"284\" height=\"201\" \/><\/span><\/span><\/span><\/span><\/p><p align=\"justify\"><span style=\"color: #333333;\"><span style=\"font-family: Liberation Serif, serif;\"><span style=\"font-size: large;\"><span lang=\"fr-FR\">Nous jouons aussi en collaboration avec les orchestres d&#8217;harmonie en formation invit\u00e9e.<\/span><\/span><\/span><\/span><\/p><p align=\"justify\"><span style=\"color: #333333;\"><span style=\"font-family: Liberation Serif, serif;\"><span style=\"font-size: large;\"><span lang=\"fr-FR\">Nous assurons alors une partie de concert et un morceau commun avec 4 cors des Alpes et orchestre d\u2019harmonie est interpr\u00e9t\u00e9 en fin de prestation. <\/span><\/span><\/span><\/span><span style=\"color: #333333;\"><span style=\"font-family: Liberation Serif, serif;\"><span style=\"font-size: large;\"><span lang=\"fr-FR\">Un succ\u00e8s garanti pour vos spectacles.<\/span><\/span><\/span><\/span><\/p>\t\t\t\t\t\t<\/div>\n\t\t\t\t<\/div>\n\t\t\t\t\t<\/div>\n\t\t<\/div>\n\t\t\t\t\t\t\t<\/div>\n\t\t<\/section>\n\t\t\t\t\t\t\t<\/div>\n\t\t","protected":false},"excerpt":{"rendered":"<p>Les objectifs de cors accords L&#8217;ensemble Cors accords s&#8217;est donn\u00e9 pour objectif de faire conna\u00eetre ce magnifique instrument. Il suscite beaucoup la curiosit\u00e9 des spectateurs lors de nos diverses prestations. Pour les \u00e9coles de musique, nous organisons des pr\u00e9sentations d&#8217;instrument en faisant d\u00e9couvrir les cuivres aux enfants et plus particuli\u00e8rement le cor, le cor des Alpes, le cor naturel et le trombone. Cette animation scolaire est souvent suivie d&#8217;un concert en soir\u00e9e. Un bon moyen de susciter de nouveaux \u00e9l\u00e8ves pour les \u00e9coles de musique dont les classes de cuivres se d\u00e9peuplent au fur et \u00e0 mesure des ann\u00e9es. Nous jouons aussi en collaboration avec les orchestres d&#8217;harmonie en formation invit\u00e9e. Nous assurons alors une partie de concert et un morceau commun avec 4 cors des Alpes et orchestre d\u2019harmonie est interpr\u00e9t\u00e9 en fin de prestation. Un succ\u00e8s garanti pour vos spectacles.<\/p>\n","protected":false},"author":1,"featured_media":0,"parent":0,"menu_order":0,"comment_status":"closed","ping_status":"closed","template":"","meta":{"_mc_calendar":[],"footnotes":""},"class_list":["post-63","page","type-page","status-publish","hentry"],"yoast_head":"<!-- This site is optimized with the Yoast SEO plugin v20.3 - https:\/\/yoast.com\/wordpress\/plugins\/seo\/ -->\n<title>Les objectifs de cors accords - Cors<\/title>\n<meta name=\"robots\" content=\"index, follow, max-snippet:-1, max-image-preview:large, max-video-preview:-1\" \/>\n<link rel=\"canonical\" href=\"https:\/\/www.corsaccords.fr\/?page_id=63\" \/>\n<meta property=\"og:locale\" content=\"fr_FR\" \/>\n<meta property=\"og:type\" content=\"article\" \/>\n<meta property=\"og:title\" content=\"Les objectifs de cors accords - Cors\" \/>\n<meta property=\"og:description\" content=\"Les objectifs de cors accords L&#8217;ensemble Cors accords s&#8217;est donn\u00e9 pour objectif de faire conna\u00eetre ce magnifique instrument. Il suscite beaucoup la curiosit\u00e9 des spectateurs lors de nos diverses prestations. Pour les \u00e9coles de musique, nous organisons des pr\u00e9sentations d&#8217;instrument en faisant d\u00e9couvrir les cuivres aux enfants et plus particuli\u00e8rement le cor, le cor des Alpes, le cor naturel et le trombone. Cette animation scolaire est souvent suivie d&#8217;un concert en soir\u00e9e. Un bon moyen de susciter de nouveaux \u00e9l\u00e8ves pour les \u00e9coles de musique dont les classes de cuivres se d\u00e9peuplent au fur et \u00e0 mesure des ann\u00e9es. Nous jouons aussi en collaboration avec les orchestres d&#8217;harmonie en formation invit\u00e9e. Nous assurons alors une partie de concert et un morceau commun avec 4 cors des Alpes et orchestre d\u2019harmonie est interpr\u00e9t\u00e9 en fin de prestation. Un succ\u00e8s garanti pour vos spectacles.\" \/>\n<meta property=\"og:url\" content=\"https:\/\/www.corsaccords.fr\/?page_id=63\" \/>\n<meta property=\"og:site_name\" content=\"Cors\" \/>\n<meta property=\"article:modified_time\" content=\"2022-03-11T10:44:13+00:00\" \/>\n<meta property=\"og:image\" content=\"https:\/\/www.corsaccords.fr\/wp-content\/uploads\/2022\/03\/10-images-300x213.png\" \/>\n<meta name=\"twitter:card\" content=\"summary_large_image\" \/>\n<meta name=\"twitter:label1\" content=\"Dur\u00e9e de lecture estim\u00e9e\" \/>\n\t<meta name=\"twitter:data1\" content=\"2 minutes\" \/>\n<script type=\"application\/ld+json\" class=\"yoast-schema-graph\">{\"@context\":\"https:\/\/schema.org\",\"@graph\":[{\"@type\":\"WebPage\",\"@id\":\"https:\/\/www.corsaccords.fr\/?page_id=63\",\"url\":\"https:\/\/www.corsaccords.fr\/?page_id=63\",\"name\":\"Les objectifs de cors accords - Cors\",\"isPartOf\":{\"@id\":\"https:\/\/www.corsaccords.fr\/#website\"},\"datePublished\":\"2021-12-21T10:49:45+00:00\",\"dateModified\":\"2022-03-11T10:44:13+00:00\",\"breadcrumb\":{\"@id\":\"https:\/\/www.corsaccords.fr\/?page_id=63#breadcrumb\"},\"inLanguage\":\"fr-FR\",\"potentialAction\":[{\"@type\":\"ReadAction\",\"target\":[\"https:\/\/www.corsaccords.fr\/?page_id=63\"]}]},{\"@type\":\"BreadcrumbList\",\"@id\":\"https:\/\/www.corsaccords.fr\/?page_id=63#breadcrumb\",\"itemListElement\":[{\"@type\":\"ListItem\",\"position\":1,\"name\":\"Accueil\",\"item\":\"https:\/\/www.corsaccords.fr\/\"},{\"@type\":\"ListItem\",\"position\":2,\"name\":\"Les objectifs de cors accords\"}]},{\"@type\":\"WebSite\",\"@id\":\"https:\/\/www.corsaccords.fr\/#website\",\"url\":\"https:\/\/www.corsaccords.fr\/\",\"name\":\"Cors\",\"description\":\"Accords\",\"publisher\":{\"@id\":\"https:\/\/www.corsaccords.fr\/#organization\"},\"potentialAction\":[{\"@type\":\"SearchAction\",\"target\":{\"@type\":\"EntryPoint\",\"urlTemplate\":\"https:\/\/www.corsaccords.fr\/?s={search_term_string}\"},\"query-input\":\"required name=search_term_string\"}],\"inLanguage\":\"fr-FR\"},{\"@type\":\"Organization\",\"@id\":\"https:\/\/www.corsaccords.fr\/#organization\",\"name\":\"Cors\",\"url\":\"https:\/\/www.corsaccords.fr\/\",\"logo\":{\"@type\":\"ImageObject\",\"inLanguage\":\"fr-FR\",\"@id\":\"https:\/\/www.corsaccords.fr\/#\/schema\/logo\/image\/\",\"url\":\"https:\/\/www.corsaccords.fr\/wp-content\/uploads\/2022\/01\/cropped-cropped-cropped-cropped-cropped-cropped-cropped-cropped-CA_V2-1.png\",\"contentUrl\":\"https:\/\/www.corsaccords.fr\/wp-content\/uploads\/2022\/01\/cropped-cropped-cropped-cropped-cropped-cropped-cropped-cropped-CA_V2-1.png\",\"width\":512,\"height\":506,\"caption\":\"Cors\"},\"image\":{\"@id\":\"https:\/\/www.corsaccords.fr\/#\/schema\/logo\/image\/\"}}]}<\/script>\n<!-- \/ Yoast SEO plugin. -->","yoast_head_json":{"title":"Les objectifs de cors accords - Cors","robots":{"index":"index","follow":"follow","max-snippet":"max-snippet:-1","max-image-preview":"max-image-preview:large","max-video-preview":"max-video-preview:-1"},"canonical":"https:\/\/www.corsaccords.fr\/?page_id=63","og_locale":"fr_FR","og_type":"article","og_title":"Les objectifs de cors accords - Cors","og_description":"Les objectifs de cors accords L&#8217;ensemble Cors accords s&#8217;est donn\u00e9 pour objectif de faire conna\u00eetre ce magnifique instrument. Il suscite beaucoup la curiosit\u00e9 des spectateurs lors de nos diverses prestations. Pour les \u00e9coles de musique, nous organisons des pr\u00e9sentations d&#8217;instrument en faisant d\u00e9couvrir les cuivres aux enfants et plus particuli\u00e8rement le cor, le cor des Alpes, le cor naturel et le trombone. Cette animation scolaire est souvent suivie d&#8217;un concert en soir\u00e9e. Un bon moyen de susciter de nouveaux \u00e9l\u00e8ves pour les \u00e9coles de musique dont les classes de cuivres se d\u00e9peuplent au fur et \u00e0 mesure des ann\u00e9es. Nous jouons aussi en collaboration avec les orchestres d&#8217;harmonie en formation invit\u00e9e. Nous assurons alors une partie de concert et un morceau commun avec 4 cors des Alpes et orchestre d\u2019harmonie est interpr\u00e9t\u00e9 en fin de prestation. Un succ\u00e8s garanti pour vos spectacles.","og_url":"https:\/\/www.corsaccords.fr\/?page_id=63","og_site_name":"Cors","article_modified_time":"2022-03-11T10:44:13+00:00","og_image":[{"url":"https:\/\/www.corsaccords.fr\/wp-content\/uploads\/2022\/03\/10-images-300x213.png"}],"twitter_card":"summary_large_image","twitter_misc":{"Dur\u00e9e de lecture estim\u00e9e":"2 minutes"},"schema":{"@context":"https:\/\/schema.org","@graph":[{"@type":"WebPage","@id":"https:\/\/www.corsaccords.fr\/?page_id=63","url":"https:\/\/www.corsaccords.fr\/?page_id=63","name":"Les objectifs de cors accords - Cors","isPartOf":{"@id":"https:\/\/www.corsaccords.fr\/#website"},"datePublished":"2021-12-21T10:49:45+00:00","dateModified":"2022-03-11T10:44:13+00:00","breadcrumb":{"@id":"https:\/\/www.corsaccords.fr\/?page_id=63#breadcrumb"},"inLanguage":"fr-FR","potentialAction":[{"@type":"ReadAction","target":["https:\/\/www.corsaccords.fr\/?page_id=63"]}]},{"@type":"BreadcrumbList","@id":"https:\/\/www.corsaccords.fr\/?page_id=63#breadcrumb","itemListElement":[{"@type":"ListItem","position":1,"name":"Accueil","item":"https:\/\/www.corsaccords.fr\/"},{"@type":"ListItem","position":2,"name":"Les objectifs de cors accords"}]},{"@type":"WebSite","@id":"https:\/\/www.corsaccords.fr\/#website","url":"https:\/\/www.corsaccords.fr\/","name":"Cors","description":"Accords","publisher":{"@id":"https:\/\/www.corsaccords.fr\/#organization"},"potentialAction":[{"@type":"SearchAction","target":{"@type":"EntryPoint","urlTemplate":"https:\/\/www.corsaccords.fr\/?s={search_term_string}"},"query-input":"required name=search_term_string"}],"inLanguage":"fr-FR"},{"@type":"Organization","@id":"https:\/\/www.corsaccords.fr\/#organization","name":"Cors","url":"https:\/\/www.corsaccords.fr\/","logo":{"@type":"ImageObject","inLanguage":"fr-FR","@id":"https:\/\/www.corsaccords.fr\/#\/schema\/logo\/image\/","url":"https:\/\/www.corsaccords.fr\/wp-content\/uploads\/2022\/01\/cropped-cropped-cropped-cropped-cropped-cropped-cropped-cropped-CA_V2-1.png","contentUrl":"https:\/\/www.corsaccords.fr\/wp-content\/uploads\/2022\/01\/cropped-cropped-cropped-cropped-cropped-cropped-cropped-cropped-CA_V2-1.png","width":512,"height":506,"caption":"Cors"},"image":{"@id":"https:\/\/www.corsaccords.fr\/#\/schema\/logo\/image\/"}}]}},"_links":{"self":[{"href":"https:\/\/www.corsaccords.fr\/index.php?rest_route=\/wp\/v2\/pages\/63","targetHints":{"allow":["GET"]}}],"collection":[{"href":"https:\/\/www.corsaccords.fr\/index.php?rest_route=\/wp\/v2\/pages"}],"about":[{"href":"https:\/\/www.corsaccords.fr\/index.php?rest_route=\/wp\/v2\/types\/page"}],"author":[{"embeddable":true,"href":"https:\/\/www.corsaccords.fr\/index.php?rest_route=\/wp\/v2\/users\/1"}],"replies":[{"embeddable":true,"href":"https:\/\/www.corsaccords.fr\/index.php?rest_route=%2Fwp%2Fv2%2Fcomments&post=63"}],"version-history":[{"count":58,"href":"https:\/\/www.corsaccords.fr\/index.php?rest_route=\/wp\/v2\/pages\/63\/revisions"}],"predecessor-version":[{"id":2057,"href":"https:\/\/www.corsaccords.fr\/index.php?rest_route=\/wp\/v2\/pages\/63\/revisions\/2057"}],"wp:attachment":[{"href":"https:\/\/www.corsaccords.fr\/index.php?rest_route=%2Fwp%2Fv2%2Fmedia&parent=63"}],"curies":[{"name":"wp","href":"https:\/\/api.w.org\/{rel}","templated":true}]}}