{"id":10,"date":"2021-12-21T08:53:12","date_gmt":"2021-12-21T08:53:12","guid":{"rendered":"https:\/\/cors.acosof.fr\/?page_id=10"},"modified":"2022-03-10T16:00:57","modified_gmt":"2022-03-10T16:00:57","slug":"accueil","status":"publish","type":"page","link":"https:\/\/www.corsaccords.fr\/","title":{"rendered":"Cors Accords"},"content":{"rendered":"\t\t<div data-elementor-type=\"wp-page\" data-elementor-id=\"10\" class=\"elementor elementor-10\">\n\t\t\t\t\t\t\t\t\t<section class=\"elementor-section elementor-top-section elementor-element elementor-element-7446bed elementor-section-boxed elementor-section-height-default elementor-section-height-default\" data-id=\"7446bed\" data-element_type=\"section\">\n\t\t\t\t\t\t<div class=\"elementor-container elementor-column-gap-default\">\n\t\t\t\t\t<div class=\"elementor-column elementor-col-100 elementor-top-column elementor-element elementor-element-131e3fe\" data-id=\"131e3fe\" data-element_type=\"column\">\n\t\t\t<div class=\"elementor-widget-wrap elementor-element-populated\">\n\t\t\t\t\t\t\t\t<div class=\"elementor-element elementor-element-78e555d elementor-widget elementor-widget-text-editor\" data-id=\"78e555d\" data-element_type=\"widget\" data-widget_type=\"text-editor.default\">\n\t\t\t\t<div class=\"elementor-widget-container\">\n\t\t\t<style>\/*! elementor - v3.11.5 - 14-03-2023 *\/\n.elementor-widget-text-editor.elementor-drop-cap-view-stacked .elementor-drop-cap{background-color:#818a91;color:#fff}.elementor-widget-text-editor.elementor-drop-cap-view-framed .elementor-drop-cap{color:#818a91;border:3px solid;background-color:transparent}.elementor-widget-text-editor:not(.elementor-drop-cap-view-default) .elementor-drop-cap{margin-top:8px}.elementor-widget-text-editor:not(.elementor-drop-cap-view-default) .elementor-drop-cap-letter{width:1em;height:1em}.elementor-widget-text-editor .elementor-drop-cap{float:left;text-align:center;line-height:1;font-size:50px}.elementor-widget-text-editor .elementor-drop-cap-letter{display:inline-block}<\/style>\t\t\t\t<h2>Cors Accords<\/h2>\t\t\t\t\t\t<\/div>\n\t\t\t\t<\/div>\n\t\t\t\t<div class=\"elementor-element elementor-element-1b28f86 elementor-widget elementor-widget-text-editor\" data-id=\"1b28f86\" data-element_type=\"widget\" data-widget_type=\"text-editor.default\">\n\t\t\t\t<div class=\"elementor-widget-container\">\n\t\t\t\t\t\t\t<p class=\"Normal P-4\"><span class=\"C-4\">L\u2019ensemble cors Accords est compos\u00e9 de quatre musiciens professionnels qui enseignent leur instrument dans la r\u00e9gion.<\/span><\/p><p class=\"Normal P-4\"><span class=\"C-4\">Par leur passion, chacun s\u2019est mis \u00e0 vouloir sonner du cor des Alpes et au fur et \u00e0 mesure de leurs rencontres, ils ont form\u00e9 un quatuor pour utiliser toutes les richesses de ce magnifique instrument.<\/span><\/p>\t\t\t\t\t\t<\/div>\n\t\t\t\t<\/div>\n\t\t\t\t\t<\/div>\n\t\t<\/div>\n\t\t\t\t\t\t\t<\/div>\n\t\t<\/section>\n\t\t\t\t<section class=\"elementor-section elementor-top-section elementor-element elementor-element-03cb7f7 elementor-section-boxed elementor-section-height-default elementor-section-height-default\" data-id=\"03cb7f7\" data-element_type=\"section\">\n\t\t\t\t\t\t<div class=\"elementor-container elementor-column-gap-default\">\n\t\t\t\t\t<div class=\"elementor-column elementor-col-100 elementor-top-column elementor-element elementor-element-54b9ce2\" data-id=\"54b9ce2\" data-element_type=\"column\">\n\t\t\t<div class=\"elementor-widget-wrap elementor-element-populated\">\n\t\t\t\t\t\t\t\t<div class=\"elementor-element elementor-element-58b4a74 elementor-widget__width-inherit elementor-widget elementor-widget-pp-logo-carousel\" data-id=\"58b4a74\" data-element_type=\"widget\" data-settings=\"{&quot;items&quot;:{&quot;unit&quot;:&quot;px&quot;,&quot;size&quot;:3,&quot;sizes&quot;:[]},&quot;items_tablet&quot;:{&quot;unit&quot;:&quot;px&quot;,&quot;size&quot;:2,&quot;sizes&quot;:[]},&quot;items_mobile&quot;:{&quot;unit&quot;:&quot;px&quot;,&quot;size&quot;:1,&quot;sizes&quot;:[]},&quot;margin&quot;:{&quot;unit&quot;:&quot;px&quot;,&quot;size&quot;:10,&quot;sizes&quot;:[]},&quot;margin_tablet&quot;:{&quot;unit&quot;:&quot;px&quot;,&quot;size&quot;:10,&quot;sizes&quot;:[]},&quot;margin_mobile&quot;:{&quot;unit&quot;:&quot;px&quot;,&quot;size&quot;:10,&quot;sizes&quot;:[]}}\" data-widget_type=\"pp-logo-carousel.default\">\n\t\t\t\t<div class=\"elementor-widget-container\">\n\t\t\t\t\t<div class=\"swiper-container-wrap pp-logo-carousel-wrap swiper-container-wrap-dots-outside\">\n\t\t\t<div class=\"pp-logo-carousel pp-swiper-slider swiper-container\" data-pagination=\".swiper-pagination-58b4a74\" data-arrow-next=\".swiper-button-next-58b4a74\" data-arrow-prev=\".swiper-button-prev-58b4a74\" data-slider-settings=\"{&quot;direction&quot;:&quot;horizontal&quot;,&quot;speed&quot;:400,&quot;effect&quot;:&quot;slide&quot;,&quot;slidesPerView&quot;:3,&quot;spaceBetween&quot;:10,&quot;grabCursor&quot;:false,&quot;autoHeight&quot;:true,&quot;loop&quot;:true,&quot;autoplay&quot;:{&quot;delay&quot;:3000,&quot;disableOnInteraction&quot;:false},&quot;pagination&quot;:{&quot;el&quot;:&quot;.swiper-pagination-58b4a74&quot;,&quot;type&quot;:&quot;bullets&quot;,&quot;clickable&quot;:true},&quot;navigation&quot;:{&quot;nextEl&quot;:&quot;.swiper-button-next-58b4a74&quot;,&quot;prevEl&quot;:&quot;.swiper-button-prev-58b4a74&quot;},&quot;breakpoints&quot;:{&quot;1025&quot;:{&quot;slidesPerView&quot;:3,&quot;spaceBetween&quot;:10},&quot;768&quot;:{&quot;slidesPerView&quot;:2,&quot;spaceBetween&quot;:10},&quot;320&quot;:{&quot;slidesPerView&quot;:1,&quot;spaceBetween&quot;:10}}}\">\n\t\t\t\t<div class=\"swiper-wrapper\">\n\t\t\t\t\t\t\t\t\t\t\t<div class=\"swiper-slide\">\n\t\t\t\t\t\t\t\t<div class=\"pp-lc-logo-wrap\">\n\t\t\t\t\t\t\t\t\t<div class=\"pp-lc-logo\">\n\t\t\t\t\t\t\t\t\t\t\t\t\t\t\t\t\t\t\t\t\t\t<img decoding=\"async\" src=\"https:\/\/www.corsaccords.fr\/wp-content\/uploads\/2022\/03\/Marche-de-Noel-010_1-1.png\" alt=\"March\u00e9-de-No\u00ebl-010_1\">\n\t\t\t\t\t\t\t\t\t\t\t\t\t\t\t\t\t\t\t\t\t<\/div>\n\t\t\t\t\t\t\t\t\t\t\t\t\t\t\t\t\t<\/div>\n\t\t\t\t\t\t\t<\/div>\n\t\t\t\t\t\t\t\t\t\t\t\t\t\t<div class=\"swiper-slide\">\n\t\t\t\t\t\t\t\t<div class=\"pp-lc-logo-wrap\">\n\t\t\t\t\t\t\t\t\t<div class=\"pp-lc-logo\">\n\t\t\t\t\t\t\t\t\t\t\t\t\t\t\t\t\t\t\t\t\t\t<img decoding=\"async\" src=\"https:\/\/www.corsaccords.fr\/wp-content\/uploads\/2022\/03\/DSC03487-1.jpg\" alt=\"20 oct 2011 : Soir\u00e9e priv\u00e9e (banque) au mus\u00e9e Gr\u00e9vin\">\n\t\t\t\t\t\t\t\t\t\t\t\t\t\t\t\t\t\t\t\t\t<\/div>\n\t\t\t\t\t\t\t\t\t\t\t\t\t\t\t\t\t<\/div>\n\t\t\t\t\t\t\t<\/div>\n\t\t\t\t\t\t\t\t\t\t\t\t\t\t<div class=\"swiper-slide\">\n\t\t\t\t\t\t\t\t<div class=\"pp-lc-logo-wrap\">\n\t\t\t\t\t\t\t\t\t<div class=\"pp-lc-logo\">\n\t\t\t\t\t\t\t\t\t\t\t\t\t\t\t\t\t\t\t\t\t\t<img decoding=\"async\" src=\"https:\/\/www.corsaccords.fr\/wp-content\/uploads\/2022\/03\/IMG_7683.jpg\" alt=\"IMG_7683\">\n\t\t\t\t\t\t\t\t\t\t\t\t\t\t\t\t\t\t\t\t\t<\/div>\n\t\t\t\t\t\t\t\t\t\t\t\t\t\t\t\t\t<\/div>\n\t\t\t\t\t\t\t<\/div>\n\t\t\t\t\t\t\t\t\t\t\t\t\t\t<div class=\"swiper-slide\">\n\t\t\t\t\t\t\t\t<div class=\"pp-lc-logo-wrap\">\n\t\t\t\t\t\t\t\t\t<div class=\"pp-lc-logo\">\n\t\t\t\t\t\t\t\t\t\t\t\t\t\t\t\t\t\t\t\t\t\t<img decoding=\"async\" src=\"https:\/\/www.corsaccords.fr\/wp-content\/uploads\/2022\/03\/P1020949-1.jpg\" alt=\"P1020949\">\n\t\t\t\t\t\t\t\t\t\t\t\t\t\t\t\t\t\t\t\t\t<\/div>\n\t\t\t\t\t\t\t\t\t\t\t\t\t\t\t\t\t<\/div>\n\t\t\t\t\t\t\t<\/div>\n\t\t\t\t\t\t\t\t\t\t\t\t\t\t<div class=\"swiper-slide\">\n\t\t\t\t\t\t\t\t<div class=\"pp-lc-logo-wrap\">\n\t\t\t\t\t\t\t\t\t<div class=\"pp-lc-logo\">\n\t\t\t\t\t\t\t\t\t\t\t\t\t\t\t\t\t\t\t\t\t\t<img decoding=\"async\" src=\"https:\/\/www.corsaccords.fr\/wp-content\/uploads\/2022\/03\/MGL1284-1.jpg\" alt=\"_MGL1284\">\n\t\t\t\t\t\t\t\t\t\t\t\t\t\t\t\t\t\t\t\t\t<\/div>\n\t\t\t\t\t\t\t\t\t\t\t\t\t\t\t\t\t<\/div>\n\t\t\t\t\t\t\t<\/div>\n\t\t\t\t\t\t\t\t\t\t\t\t\t\t<div class=\"swiper-slide\">\n\t\t\t\t\t\t\t\t<div class=\"pp-lc-logo-wrap\">\n\t\t\t\t\t\t\t\t\t<div class=\"pp-lc-logo\">\n\t\t\t\t\t\t\t\t\t\t\t\t\t\t\t\t\t\t\t\t\t\t<img decoding=\"async\" src=\"https:\/\/www.corsaccords.fr\/wp-content\/uploads\/2022\/03\/DSC03487.jpg\" alt=\"DSC03487\">\n\t\t\t\t\t\t\t\t\t\t\t\t\t\t\t\t\t\t\t\t\t<\/div>\n\t\t\t\t\t\t\t\t\t\t\t\t\t\t\t\t\t<\/div>\n\t\t\t\t\t\t\t<\/div>\n\t\t\t\t\t\t\t\t\t\t\t<\/div>\n\t\t\t<\/div>\n\t\t\t\t\t\t<div class=\"swiper-pagination swiper-pagination-58b4a74\"><\/div>\n\t\t\t\t\t\t<div class=\"pp-slider-arrow swiper-button-prev swiper-button-prev-58b4a74\">\n\t\t\t\t\t<i aria-hidden=\"true\" class=\"fas fa-angle-left\"><\/i>\t\t\t\t<\/div>\n\t\t\t\t<div class=\"pp-slider-arrow swiper-button-next swiper-button-next-58b4a74\">\n\t\t\t\t\t<i aria-hidden=\"true\" class=\"fas fa-angle-right\"><\/i>\t\t\t\t<\/div>\n\t\t\t\t\t<\/div>\n\t\t\t\t<\/div>\n\t\t\t\t<\/div>\n\t\t\t\t\t<\/div>\n\t\t<\/div>\n\t\t\t\t\t\t\t<\/div>\n\t\t<\/section>\n\t\t\t\t<section class=\"elementor-section elementor-top-section elementor-element elementor-element-71b74ef elementor-section-boxed elementor-section-height-default elementor-section-height-default\" data-id=\"71b74ef\" data-element_type=\"section\">\n\t\t\t\t\t\t<div class=\"elementor-container elementor-column-gap-default\">\n\t\t\t\t\t<div class=\"elementor-column elementor-col-100 elementor-top-column elementor-element elementor-element-19eed1d\" data-id=\"19eed1d\" data-element_type=\"column\">\n\t\t\t<div class=\"elementor-widget-wrap elementor-element-populated\">\n\t\t\t\t\t\t\t\t\t<\/div>\n\t\t<\/div>\n\t\t\t\t\t\t\t<\/div>\n\t\t<\/section>\n\t\t\t\t\t\t\t<\/div>\n\t\t","protected":false},"excerpt":{"rendered":"<p>Cors Accords L\u2019ensemble cors Accords est compos\u00e9 de quatre musiciens professionnels qui enseignent leur instrument dans la r\u00e9gion. Par leur passion, chacun s\u2019est mis \u00e0 vouloir sonner du cor des Alpes et au fur et \u00e0 mesure de leurs rencontres, ils ont form\u00e9 un quatuor pour utiliser toutes les richesses de ce magnifique instrument.<\/p>\n","protected":false},"author":1,"featured_media":0,"parent":0,"menu_order":0,"comment_status":"closed","ping_status":"closed","template":"","meta":{"_mc_calendar":[],"footnotes":""},"class_list":["post-10","page","type-page","status-publish","hentry"],"yoast_head":"<!-- This site is optimized with the Yoast SEO plugin v20.3 - https:\/\/yoast.com\/wordpress\/plugins\/seo\/ -->\n<title>Cors Accords - Cors<\/title>\n<meta name=\"robots\" content=\"index, follow, max-snippet:-1, max-image-preview:large, max-video-preview:-1\" \/>\n<link rel=\"canonical\" href=\"https:\/\/www.corsaccords.fr\/\" \/>\n<meta property=\"og:locale\" content=\"fr_FR\" \/>\n<meta property=\"og:type\" content=\"article\" \/>\n<meta property=\"og:title\" content=\"Cors Accords - Cors\" \/>\n<meta property=\"og:description\" content=\"Cors Accords L\u2019ensemble cors Accords est compos\u00e9 de quatre musiciens professionnels qui enseignent leur instrument dans la r\u00e9gion. Par leur passion, chacun s\u2019est mis \u00e0 vouloir sonner du cor des Alpes et au fur et \u00e0 mesure de leurs rencontres, ils ont form\u00e9 un quatuor pour utiliser toutes les richesses de ce magnifique instrument.\" \/>\n<meta property=\"og:url\" content=\"https:\/\/www.corsaccords.fr\/\" \/>\n<meta property=\"og:site_name\" content=\"Cors\" \/>\n<meta property=\"article:modified_time\" content=\"2022-03-10T16:00:57+00:00\" \/>\n<meta property=\"og:image\" content=\"https:\/\/www.corsaccords.fr\/wp-content\/uploads\/2022\/03\/Marche-de-Noel-010_1-1.png\" \/>\n<meta name=\"twitter:card\" content=\"summary_large_image\" \/>\n<meta name=\"twitter:label1\" content=\"Dur\u00e9e de lecture estim\u00e9e\" \/>\n\t<meta name=\"twitter:data1\" content=\"3 minutes\" \/>\n<script type=\"application\/ld+json\" class=\"yoast-schema-graph\">{\"@context\":\"https:\/\/schema.org\",\"@graph\":[{\"@type\":\"WebPage\",\"@id\":\"https:\/\/www.corsaccords.fr\/\",\"url\":\"https:\/\/www.corsaccords.fr\/\",\"name\":\"Cors Accords - Cors\",\"isPartOf\":{\"@id\":\"https:\/\/www.corsaccords.fr\/#website\"},\"datePublished\":\"2021-12-21T08:53:12+00:00\",\"dateModified\":\"2022-03-10T16:00:57+00:00\",\"breadcrumb\":{\"@id\":\"https:\/\/www.corsaccords.fr\/#breadcrumb\"},\"inLanguage\":\"fr-FR\",\"potentialAction\":[{\"@type\":\"ReadAction\",\"target\":[\"https:\/\/www.corsaccords.fr\/\"]}]},{\"@type\":\"BreadcrumbList\",\"@id\":\"https:\/\/www.corsaccords.fr\/#breadcrumb\",\"itemListElement\":[{\"@type\":\"ListItem\",\"position\":1,\"name\":\"Accueil\",\"item\":\"https:\/\/www.corsaccords.fr\/\"},{\"@type\":\"ListItem\",\"position\":2,\"name\":\"Cors Accords\"}]},{\"@type\":\"WebSite\",\"@id\":\"https:\/\/www.corsaccords.fr\/#website\",\"url\":\"https:\/\/www.corsaccords.fr\/\",\"name\":\"Cors\",\"description\":\"Accords\",\"publisher\":{\"@id\":\"https:\/\/www.corsaccords.fr\/#organization\"},\"potentialAction\":[{\"@type\":\"SearchAction\",\"target\":{\"@type\":\"EntryPoint\",\"urlTemplate\":\"https:\/\/www.corsaccords.fr\/?s={search_term_string}\"},\"query-input\":\"required name=search_term_string\"}],\"inLanguage\":\"fr-FR\"},{\"@type\":\"Organization\",\"@id\":\"https:\/\/www.corsaccords.fr\/#organization\",\"name\":\"Cors\",\"url\":\"https:\/\/www.corsaccords.fr\/\",\"logo\":{\"@type\":\"ImageObject\",\"inLanguage\":\"fr-FR\",\"@id\":\"https:\/\/www.corsaccords.fr\/#\/schema\/logo\/image\/\",\"url\":\"https:\/\/www.corsaccords.fr\/wp-content\/uploads\/2022\/01\/cropped-cropped-cropped-cropped-cropped-cropped-cropped-cropped-CA_V2-1.png\",\"contentUrl\":\"https:\/\/www.corsaccords.fr\/wp-content\/uploads\/2022\/01\/cropped-cropped-cropped-cropped-cropped-cropped-cropped-cropped-CA_V2-1.png\",\"width\":512,\"height\":506,\"caption\":\"Cors\"},\"image\":{\"@id\":\"https:\/\/www.corsaccords.fr\/#\/schema\/logo\/image\/\"}}]}<\/script>\n<!-- \/ Yoast SEO plugin. -->","yoast_head_json":{"title":"Cors Accords - Cors","robots":{"index":"index","follow":"follow","max-snippet":"max-snippet:-1","max-image-preview":"max-image-preview:large","max-video-preview":"max-video-preview:-1"},"canonical":"https:\/\/www.corsaccords.fr\/","og_locale":"fr_FR","og_type":"article","og_title":"Cors Accords - Cors","og_description":"Cors Accords L\u2019ensemble cors Accords est compos\u00e9 de quatre musiciens professionnels qui enseignent leur instrument dans la r\u00e9gion. Par leur passion, chacun s\u2019est mis \u00e0 vouloir sonner du cor des Alpes et au fur et \u00e0 mesure de leurs rencontres, ils ont form\u00e9 un quatuor pour utiliser toutes les richesses de ce magnifique instrument.","og_url":"https:\/\/www.corsaccords.fr\/","og_site_name":"Cors","article_modified_time":"2022-03-10T16:00:57+00:00","og_image":[{"url":"https:\/\/www.corsaccords.fr\/wp-content\/uploads\/2022\/03\/Marche-de-Noel-010_1-1.png"}],"twitter_card":"summary_large_image","twitter_misc":{"Dur\u00e9e de lecture estim\u00e9e":"3 minutes"},"schema":{"@context":"https:\/\/schema.org","@graph":[{"@type":"WebPage","@id":"https:\/\/www.corsaccords.fr\/","url":"https:\/\/www.corsaccords.fr\/","name":"Cors Accords - Cors","isPartOf":{"@id":"https:\/\/www.corsaccords.fr\/#website"},"datePublished":"2021-12-21T08:53:12+00:00","dateModified":"2022-03-10T16:00:57+00:00","breadcrumb":{"@id":"https:\/\/www.corsaccords.fr\/#breadcrumb"},"inLanguage":"fr-FR","potentialAction":[{"@type":"ReadAction","target":["https:\/\/www.corsaccords.fr\/"]}]},{"@type":"BreadcrumbList","@id":"https:\/\/www.corsaccords.fr\/#breadcrumb","itemListElement":[{"@type":"ListItem","position":1,"name":"Accueil","item":"https:\/\/www.corsaccords.fr\/"},{"@type":"ListItem","position":2,"name":"Cors Accords"}]},{"@type":"WebSite","@id":"https:\/\/www.corsaccords.fr\/#website","url":"https:\/\/www.corsaccords.fr\/","name":"Cors","description":"Accords","publisher":{"@id":"https:\/\/www.corsaccords.fr\/#organization"},"potentialAction":[{"@type":"SearchAction","target":{"@type":"EntryPoint","urlTemplate":"https:\/\/www.corsaccords.fr\/?s={search_term_string}"},"query-input":"required name=search_term_string"}],"inLanguage":"fr-FR"},{"@type":"Organization","@id":"https:\/\/www.corsaccords.fr\/#organization","name":"Cors","url":"https:\/\/www.corsaccords.fr\/","logo":{"@type":"ImageObject","inLanguage":"fr-FR","@id":"https:\/\/www.corsaccords.fr\/#\/schema\/logo\/image\/","url":"https:\/\/www.corsaccords.fr\/wp-content\/uploads\/2022\/01\/cropped-cropped-cropped-cropped-cropped-cropped-cropped-cropped-CA_V2-1.png","contentUrl":"https:\/\/www.corsaccords.fr\/wp-content\/uploads\/2022\/01\/cropped-cropped-cropped-cropped-cropped-cropped-cropped-cropped-CA_V2-1.png","width":512,"height":506,"caption":"Cors"},"image":{"@id":"https:\/\/www.corsaccords.fr\/#\/schema\/logo\/image\/"}}]}},"_links":{"self":[{"href":"https:\/\/www.corsaccords.fr\/index.php?rest_route=\/wp\/v2\/pages\/10","targetHints":{"allow":["GET"]}}],"collection":[{"href":"https:\/\/www.corsaccords.fr\/index.php?rest_route=\/wp\/v2\/pages"}],"about":[{"href":"https:\/\/www.corsaccords.fr\/index.php?rest_route=\/wp\/v2\/types\/page"}],"author":[{"embeddable":true,"href":"https:\/\/www.corsaccords.fr\/index.php?rest_route=\/wp\/v2\/users\/1"}],"replies":[{"embeddable":true,"href":"https:\/\/www.corsaccords.fr\/index.php?rest_route=%2Fwp%2Fv2%2Fcomments&post=10"}],"version-history":[{"count":69,"href":"https:\/\/www.corsaccords.fr\/index.php?rest_route=\/wp\/v2\/pages\/10\/revisions"}],"predecessor-version":[{"id":2608,"href":"https:\/\/www.corsaccords.fr\/index.php?rest_route=\/wp\/v2\/pages\/10\/revisions\/2608"}],"wp:attachment":[{"href":"https:\/\/www.corsaccords.fr\/index.php?rest_route=%2Fwp%2Fv2%2Fmedia&parent=10"}],"curies":[{"name":"wp","href":"https:\/\/api.w.org\/{rel}","templated":true}]}}